{"id":4760,"date":"2020-01-31T13:43:07","date_gmt":"2020-01-31T12:43:07","guid":{"rendered":"http:\/\/www.thesurferbali.com\/?page_id=4760"},"modified":"2024-03-12T07:14:44","modified_gmt":"2024-03-12T06:14:44","slug":"kontakt","status":"publish","type":"page","link":"https:\/\/www.thesurferbali.com\/de\/kontakt\/","title":{"rendered":"Kontakt"},"content":{"rendered":"<p>[vc_row css=&#8220;.vc_custom_1665605288022{margin-top: 150px !important;margin-right: 100px !important;margin-bottom: 50px !important;margin-left: 100px !important;}&#8220;][vc_column]<div class=\"qodef-section-title-holder  \" style=\"text-align: center\">\n\t<div class=\"qodef-st-inner\">\n                    <span class=\"qodef-st-background-text\" style=\"text-align: center\">Kontakt<\/span>\n        \t\t\t\t\t<h1 class=\"qodef-st-title\" >\n\t\t\t\tKONTAKTIERE UNS\t\t\t<\/h1>\n\t\t                        <span class=\"qodef-st-caption\" style=\"margin: 15px 0 0\">Bitte f\u00fcll das Formular aus und wir werden uns in K\u00fcrze mit dir in Verbindung setzen. Bitte z\u00f6gre nicht, uns bei Fragen zu kontaktieren. Lass uns jede spezifische Anforderung oder jeden Wunsch, den du hast, wissen.<\/span>\n        \t\t\t\t\t<p class=\"qodef-st-text\" >\n\t\t\t\tWir werden alle deine Fragen innerhalb von 24 Stunden beantworten\t\t\t<\/p>\n\t\t\t\t\t<\/div>\n<\/div>[vc_row_inner css=&#8220;.vc_custom_1666948017442{margin-top: 64px !important;padding-top: 0px !important;padding-right: 0px !important;padding-bottom: 0px !important;padding-left: 0px !important;}&#8220;][vc_column_inner el_class=&#8220;getintouch&#8220; width=&#8220;1\/3&#8243;][vc_column_text css=&#8220;.vc_custom_1667208386048{margin-top: 30px !important;margin-bottom: 30px !important;}&#8220;]<\/p>\n<p style=\"text-align: center;\"><span style=\"color: #000000;\"><strong>The Surfer-Beach Camp<\/strong><\/span><br \/>\nNO 65, Wadana Watta,<br \/>\nPelena, Weligama<br \/>\nSri Lanka. 81700<\/p>\n<p>[\/vc_column_text][vc_icon icon_fontawesome=&#8220;fas fa-map-marked-alt&#8220; size=&#8220;lg&#8220; align=&#8220;center&#8220; el_class=&#8220;giticon&#8220; el_id=&#8220;giticon&#8220; link=&#8220;url:https%3A%2F%2Fmaps.app.goo.gl%2FUVY4ApcxHyGhJMrQ7&#8243;][\/vc_column_inner][vc_column_inner el_class=&#8220;getintouch&#8220; width=&#8220;1\/3&#8243;][vc_column_text css=&#8220;.vc_custom_1666946475755{margin-top: 30px !important;margin-bottom: 30px !important;}&#8220;]<\/p>\n<p style=\"text-align: center;\"><span style=\"color: #000000;\"><b>TS2 &#8211; Weligama<\/b><\/span><br \/>\nNO 176\/12, 3rd Lane,<br \/>\nMain Street, Weligama<br \/>\nSri Lanka. 81700<\/p>\n<p>[\/vc_column_text][vc_icon icon_fontawesome=&#8220;fas fa-map-marked-alt&#8220; size=&#8220;lg&#8220; align=&#8220;center&#8220; el_class=&#8220;giticon&#8220; link=&#8220;url:https%3A%2F%2Fgoo.gl%2Fmaps%2FoW879MMhdW6nQiTX7&#8243;][\/vc_column_inner][vc_column_inner el_class=&#8220;getintouch&#8220; width=&#8220;1\/3&#8243;][vc_column_text css=&#8220;.vc_custom_1694072616239{margin-top: 30px !important;margin-bottom: 30px !important;}&#8220;]<\/p>\n<p style=\"text-align: center;\"><b><i class=\"glyphicon glyphicon-envelope\"><\/i> <span style=\"color: #000000;\">Email<\/span><\/b><br \/>\n<a href=\"mailto:info@thesurferweligama.com\">info@thesurferweligama.com<\/a><\/p>\n<p style=\"text-align: center;\"><b><i class=\"glyphicon glyphicon-phone\"><\/i> <span style=\"color: #000000;\">Call, Text or Whatsapp<\/span><\/b><br \/>\n<a href=\"tel:+94761307878\">+94761307878<\/a><\/p>\n<p>[\/vc_column_text][vc_icon icon_fontawesome=&#8220;fab fa-whatsapp&#8220; size=&#8220;lg&#8220; align=&#8220;center&#8220; el_class=&#8220;giticon&#8220; link=&#8220;url:https%3A%2F%2Fwa.me%2F94773926614&#8243;][\/vc_column_inner][\/vc_row_inner][\/vc_column][\/vc_row][vc_row row_content_width=&#8220;grid&#8220; enable_surfer_icon=&#8220;no&#8220; simple_background_color=&#8220;#fafafa&#8220; css=&#8220;.vc_custom_1668875278576{margin-top: 0px !important;margin-bottom: 50px !important;background-color: #ffffff !important;}&#8220;][vc_column width=&#8220;1\/6&#8243; css=&#8220;.vc_custom_1668875052524{background-color: #ffffff !important;}&#8220;][\/vc_column][vc_column width=&#8220;2\/3&#8243; css=&#8220;.vc_custom_1668875429807{margin-top: -30px !important;}&#8220;]<div class=\"qodef-elements-holder   qodef-one-column  qodef-responsive-mode-768 \" style=\"background-color: #ffffff\"><div class=\"qodef-eh-item    \" style=\"background-color: #ffffff\" data-item-class=\"qodef-eh-custom-4916\" data-1400-1600=\"0px 5px 0 0\" data-1025-1399=\"0px 0 0\" data-769-1024=\"0px 0 0\" data-681-768=\"0px 0 0\" data-680=\"0px 0 0\">\n\t<div class=\"qodef-eh-item-inner\">\n\t\t<div class=\"qodef-eh-item-content qodef-eh-custom-4916\" style=\"padding: 0px 5px 0 0\">\n\t\t\t<div class=\"qodef-section-title-holder  \" style=\"text-align: center\">\n\t<div class=\"qodef-st-inner\">\n        \t\t\t\t\t<h1 class=\"qodef-st-title\" >\n\t\t\t\tSende uns deine Anfragen\t\t\t<\/h1>\n\t\t        \t\t\t\t\t<\/div>\n<\/div>[vc_empty_space height=&#8220;100px&#8220;]\n<div class=\"wpcf7 no-js\" id=\"wpcf7-f5385-o1\" lang=\"de-DE\" dir=\"ltr\" data-wpcf7-id=\"5385\">\n<div class=\"screen-reader-response\"><p role=\"status\" aria-live=\"polite\" aria-atomic=\"true\"><\/p> <ul><\/ul><\/div>\n<form action=\"\/de\/wp-json\/wp\/v2\/pages\/4760#wpcf7-f5385-o1\" method=\"post\" class=\"wpcf7-form init\" aria-label=\"Kontaktformular\" novalidate=\"novalidate\" data-status=\"init\">\n<div style=\"display: none;\">\n<input type=\"hidden\" name=\"_wpcf7\" value=\"5385\" \/>\n<input type=\"hidden\" name=\"_wpcf7_version\" value=\"6.0.3\" \/>\n<input type=\"hidden\" name=\"_wpcf7_locale\" value=\"de_DE\" \/>\n<input type=\"hidden\" name=\"_wpcf7_unit_tag\" value=\"wpcf7-f5385-o1\" \/>\n<input type=\"hidden\" name=\"_wpcf7_container_post\" value=\"0\" \/>\n<input type=\"hidden\" name=\"_wpcf7_posted_data_hash\" value=\"\" \/>\n<input type=\"hidden\" name=\"_wpcf7_recaptcha_response\" value=\"\" \/>\n<\/div>\n<div>\n\t<p><label>Grund der Anfrage: <span class=\"wpcf7-form-control-wrap\" data-name=\"InquieryReason\"><select class=\"wpcf7-form-control wpcf7-select wpcf7-validates-as-required\" aria-required=\"true\" aria-invalid=\"false\" name=\"InquieryReason\"><option value=\"\">&#8211; Bitte ausw\u00e4hlen &#8211;<\/option><option value=\"Surf Tour\">Surf Tour<\/option><option value=\"General Inquiries\">General Inquiries<\/option><option value=\"Booking The Surfer Beach Camp\">Booking The Surfer Beach Camp<\/option><option value=\"Booking TS2 Weligama Surf Camp\">Booking TS2 Weligama Surf Camp<\/option><option value=\"Other\">Other<\/option><\/select><\/span> <\/label>\n\t<\/p>\n<\/div>\n<div class=\"half\">\n\t<p><label> Vorname<br \/>\n<span class=\"wpcf7-form-control-wrap\" data-name=\"your-name\"><input size=\"40\" maxlength=\"400\" class=\"wpcf7-form-control wpcf7-text wpcf7-validates-as-required\" aria-required=\"true\" aria-invalid=\"false\" value=\"\" type=\"text\" name=\"your-name\" \/><\/span> <\/label>\n\t<\/p>\n<\/div>\n<div class=\"half\">\n\t<p><label> Nachname<br \/>\n<span class=\"wpcf7-form-control-wrap\" data-name=\"your-name\"><input size=\"40\" maxlength=\"400\" class=\"wpcf7-form-control wpcf7-text wpcf7-validates-as-required\" aria-required=\"true\" aria-invalid=\"false\" value=\"\" type=\"text\" name=\"your-name\" \/><\/span> <\/label>\n\t<\/p>\n<\/div>\n<div class=\"half\">\n\t<p><label> Email<br \/>\n<span class=\"wpcf7-form-control-wrap\" data-name=\"your-email\"><input size=\"40\" maxlength=\"400\" class=\"wpcf7-form-control wpcf7-email wpcf7-validates-as-required wpcf7-text wpcf7-validates-as-email\" aria-required=\"true\" aria-invalid=\"false\" value=\"\" type=\"email\" name=\"your-email\" \/><\/span> <\/label>\n\t<\/p>\n<\/div>\n<div class=\"half\">\n\t<p><label> Best\u00e4tige deine Email<br \/>\n<span class=\"wpcf7-form-control-wrap\" data-name=\"your-email\"><input size=\"40\" maxlength=\"400\" class=\"wpcf7-form-control wpcf7-email wpcf7-validates-as-required wpcf7-text wpcf7-validates-as-email\" aria-required=\"true\" aria-invalid=\"false\" value=\"\" type=\"email\" name=\"your-email\" \/><\/span> <\/label>\n\t<\/p>\n<\/div>\n<div class=\"half\">\n\t<p><label> Telefon <span class=\"wpcf7-form-control-wrap\" data-name=\"tel-946\"><input size=\"40\" maxlength=\"400\" class=\"wpcf7-form-control wpcf7-tel wpcf7-text wpcf7-validates-as-tel\" aria-invalid=\"false\" value=\"\" type=\"tel\" name=\"tel-946\" \/><\/span> <\/label>\n\t<\/p>\n<\/div>\n<div class=\"half\">\n\t<p><label>Land: <span class=\"wpcf7-form-control-wrap\" data-name=\"country\"><input size=\"40\" maxlength=\"400\" class=\"wpcf7-form-control wpcf7-text\" aria-invalid=\"false\" value=\"\" type=\"text\" name=\"country\" \/><\/span> <\/label>\n\t<\/p>\n<\/div>\n<p><label> Nachricht: <span class=\"wpcf7-form-control-wrap\" data-name=\"Message\"><textarea cols=\"40\" rows=\"10\" maxlength=\"2000\" class=\"wpcf7-form-control wpcf7-textarea\" aria-invalid=\"false\" name=\"Message\"><\/textarea><\/span><\/label><br \/>\n<label> <span class=\"wpcf7-form-control-wrap\" data-name=\"acceptance-282\"><span class=\"wpcf7-form-control wpcf7-acceptance\"><span class=\"wpcf7-list-item\"><label><input type=\"checkbox\" name=\"acceptance-282\" value=\"1\" aria-invalid=\"false\" \/><span class=\"wpcf7-list-item-label\">Ich habe die <a href=\"http:\/\/www.thesurferbali.com\/privacy-policy\/\">Datenschutzbestimmungen<\/a> gelesen und stimme zu.<\/span><\/label><\/span><\/span><\/span><\/label><br \/>\n<label> <\/label><br \/>\n<button class=\"wpcf7-form-control wpcf7-submit qodef-btn qodef-btn-medium qodef-btn-solid qodef-btn-custom-hover-color qodef-btn-custom-hover-bg qodef-btn-custom-border-hover\" type=\"submit\"><span class=\"qodef-btn-text\">senden<\/span><span class=\"qodef-btn-wave-holder\"><\/span><\/button>\n<\/p><div class=\"wpcf7-response-output\" aria-hidden=\"true\"><\/div>\n<\/form>\n<\/div>\n\t\t<\/div>\n\t<\/div>\n<\/div><\/div>[\/vc_column][vc_column width=&#8220;1\/6&#8243;][\/vc_column][\/vc_row][vc_row row_content_width=&#8220;grid&#8220; css=&#8220;.vc_custom_1666949512612{margin-bottom: 50px !important;}&#8220;][vc_column width=&#8220;1\/6&#8243;][\/vc_column][vc_column width=&#8220;2\/3&#8243;]<div class=\"qodef-section-title-holder  \" style=\"text-align: center\">\n\t<div class=\"qodef-st-inner\">\n        \t\t\t\t\t<h1 class=\"qodef-st-title\" >\n\t\t\t\tLocation\t\t\t<\/h1>\n\t\t        \t\t\t\t\t<\/div>\n<\/div>[vc_empty_space height=&#8220;64px&#8220;][vc_column_text]<style type=\"text\/css\" id=\"gmpMapStyles_1_31255\">\r\n\t#google_map_easy_1_31255 {\r\n        width: 100%;\r\n        height: 700px;\r\n\t\t\t\t\t\t    }\r\n\t#gmapControlsNum_1_31255 {\r\n\t\twidth:100%\t}\r\n\t.gmpMapDetailsContainer#gmpMapDetailsContainer_1_31255 {\r\n\t\theight:700px;\r\n\t}\r\n\t.gmp_MapPreview#google_map_easy_1_31255 {\r\n\t\t\/*position:absolute;*\/\r\n\t\twidth: 100%;\r\n\t}\r\n\t#mapConElem_1_31255{\r\n\t\twidth: 100%\t}\r\n    .gm-style .gm-style-iw-c{\r\n        padding: 12px!important;\r\n    }\r\n\t    <\/style>\r\n <div class=\"gmp_map_opts\" id=\"mapConElem_1_31255\" data-id=\"1\" data-view-id=\"1_31255\" > <div class=\"gmpMapDetailsContainer\" id=\"gmpMapDetailsContainer_1_31255\"> <i class=\"gmpKMLLayersPreloader fa fa-spinner fa-spin\" aria-hidden=\"true\" style=\"display: none;\"><\/i> <div class=\"gmp_MapPreview \" id=\"google_map_easy_1_31255\"><\/div> <\/div> <div class=\"gmpMapMarkerFilters\" id=\"gmpMapMarkerFilters_1_31255\"> <\/div> <div class=\"gmpMapProControlsCon\" id=\"gmpMapProControlsCon_1_31255\"> <a title=\"WordPress Map Plugin\" style=\"display:none;\" href=\"https:\/\/supsystic.com\/plugins\/google-maps-plugin\/?utm_medium=love_link_hide\" target=\"_blank\">WordPress Map Plugin<\/a><div style=\"clear: both;\"><\/div> <\/div> <div class=\"gmpMapProDirectionsCon\" id=\"gmpMapProDirectionsCon_1_31255\" > <\/div> <div class=\"gmpMapProKmlFilterCon\" id=\"gmpMapProKmlFilterCon_1_31255\" > <\/div> <div class=\"gmpSocialSharingShell gmpSocialSharingShell_1_31255\"> <\/div> <div style=\"clear: both;\"><\/div> <\/div> [\/vc_column_text][\/vc_column][vc_column width=&#8220;1\/6&#8243;][\/vc_column][\/vc_row][vc_row row_content_width=&#8220;grid&#8220; css=&#8220;.vc_custom_1666949365642{margin-top: 100px !important;margin-bottom: 50px !important;}&#8220;][vc_column width=&#8220;1\/6&#8243;][\/vc_column][vc_column width=&#8220;2\/3&#8243;]<div class=\"qodef-section-title-holder  \" style=\"text-align: center\">\n\t<div class=\"qodef-st-inner\">\n        \t\t\t\t\t<h3 class=\"qodef-st-title\" >\n\t\t\t\tBUCHUNGSANFRAGEN\t\t\t<\/h3>\n\t\t        \t\t\t\t\t<p class=\"qodef-st-text\" >\n\t\t\t\t1) Wir bearbeiten jegliche Anfragen so schnell es geht, und melden uns innerhalb von 24 Stunden bei dir.<br \/>\n2) Z\u00f6gre nicht, uns zu kontaktieren, wenn du spezielle W\u00fcnsche und Anforderungen an deinen Aufenthalt bei uns hast.<br \/>\n3) EEine nicht erstattbare Anzahlung von 25% ist erforderlich, um Ihre Reservierung f\u00fcr einen Aufenthalt bei uns zu best\u00e4tigen.\t\t\t<\/p>\n\t\t\t\t\t<\/div>\n<\/div>[vc_empty_space height=&#8220;64px&#8220;]<div class=\"qodef-section-title-holder  \" style=\"text-align: center\">\n\t<div class=\"qodef-st-inner\">\n        \t\t\t\t\t<h3 class=\"qodef-st-title\" >\n\t\t\t\tSTORNOBEDINGUNGEN\t\t\t<\/h3>\n\t\t        \t\t\t\t\t<p class=\"qodef-st-text\" >\n\t\t\t\tVolle R\u00fcckerstattung der Kosten (inklusive Anzahlung) bei Stornierung bis 21 Tage vor deinem Ankunftsdatum.<br \/>\n(Dies gilt nicht f\u00fcr das Aufenthaltsdatum vom 20. Dezember bis zum 5. Januar) Bitte z\u00f6gre nicht, dich mit deinen Fragen an uns zu wenden. Kontaktiere uns, wenn du spezielle W\u00fcnsche und Anforderungen an deinen Aufenthalt bei uns hast. Wir bearbeiten jegliche Anfragen so schnell es geht, und melden uns innerhalb von 24 Stunden bei dir.\t\t\t<\/p>\n\t\t\t\t\t<\/div>\n<\/div>[\/vc_column][vc_column width=&#8220;1\/6&#8243;][\/vc_column][\/vc_row]<\/p>\n","protected":false},"excerpt":{"rendered":"<p>[vc_row css=&#8220;.vc_custom_1665605288022{margin-top: 150px !important;margin-right: 100px !important;margin-bottom: 50px !important;margin-left: 100px !important;}&#8220;][vc_column][vc_row_inner css=&#8220;.vc_custom_1666948017442{margin-top: 64px !important;padding-top: 0px !important;padding-right: 0px !important;padding-bottom: 0px !important;padding-left: 0px !important;}&#8220;][vc_column_inner el_class=&#8220;getintouch&#8220; width=&#8220;1\/3&#8243;][vc_column_text css=&#8220;.vc_custom_1667208386048{margin-top: 30px !important;margin-bottom: 30px !important;}&#8220;] The Surfer-Beach Camp NO 65, Wadana Watta, Pelena, Weligama Sri Lanka. 81700 [&hellip;]<\/p>\n","protected":false},"author":1,"featured_media":0,"parent":0,"menu_order":0,"comment_status":"closed","ping_status":"closed","template":"full-width.php","meta":{"footnotes":""},"class_list":["post-4760","page","type-page","status-publish","hentry"],"yoast_head":"<!-- This site is optimized with the Yoast SEO plugin v24.4 - https:\/\/yoast.com\/wordpress\/plugins\/seo\/ -->\n<title>Kontakt - The Surfer | Surf Camps Sri Lanka<\/title>\n<meta name=\"robots\" content=\"index, follow, max-snippet:-1, max-image-preview:large, max-video-preview:-1\" \/>\n<link rel=\"canonical\" href=\"https:\/\/www.thesurferbali.com\/de\/kontakt\/\" \/>\n<meta property=\"og:locale\" content=\"de_DE\" \/>\n<meta property=\"og:type\" content=\"article\" \/>\n<meta property=\"og:title\" content=\"Kontakt - The Surfer | Surf Camps Sri Lanka\" \/>\n<meta property=\"og:description\" content=\"[vc_row css=&#8220;.vc_custom_1665605288022{margin-top: 150px !important;margin-right: 100px !important;margin-bottom: 50px !important;margin-left: 100px !important;}&#8220;][vc_column][vc_row_inner css=&#8220;.vc_custom_1666948017442{margin-top: 64px !important;padding-top: 0px !important;padding-right: 0px !important;padding-bottom: 0px !important;padding-left: 0px !important;}&#8220;][vc_column_inner el_class=&#8220;getintouch&#8220; width=&#8220;1\/3&#8243;][vc_column_text css=&#8220;.vc_custom_1667208386048{margin-top: 30px !important;margin-bottom: 30px !important;}&#8220;] The Surfer-Beach Camp NO 65, Wadana Watta, Pelena, Weligama Sri Lanka. 81700 [&hellip;]\" \/>\n<meta property=\"og:url\" content=\"https:\/\/www.thesurferbali.com\/de\/kontakt\/\" \/>\n<meta property=\"og:site_name\" content=\"The Surfer | Surf Camps Sri Lanka\" \/>\n<meta property=\"article:modified_time\" content=\"2024-03-12T06:14:44+00:00\" \/>\n<meta name=\"twitter:card\" content=\"summary_large_image\" \/>\n<meta name=\"twitter:label1\" content=\"Gesch\u00e4tzte Lesezeit\" \/>\n\t<meta name=\"twitter:data1\" content=\"2\u00a0Minuten\" \/>\n<script type=\"application\/ld+json\" class=\"yoast-schema-graph\">{\"@context\":\"https:\/\/schema.org\",\"@graph\":[{\"@type\":\"WebPage\",\"@id\":\"https:\/\/www.thesurferbali.com\/de\/kontakt\/\",\"url\":\"https:\/\/www.thesurferbali.com\/de\/kontakt\/\",\"name\":\"Kontakt - The Surfer | Surf Camps Sri Lanka\",\"isPartOf\":{\"@id\":\"https:\/\/www.thesurferbali.com\/de\/#website\"},\"datePublished\":\"2020-01-31T12:43:07+00:00\",\"dateModified\":\"2024-03-12T06:14:44+00:00\",\"breadcrumb\":{\"@id\":\"https:\/\/www.thesurferbali.com\/de\/kontakt\/#breadcrumb\"},\"inLanguage\":\"de\",\"potentialAction\":[{\"@type\":\"ReadAction\",\"target\":[\"https:\/\/www.thesurferbali.com\/de\/kontakt\/\"]}]},{\"@type\":\"BreadcrumbList\",\"@id\":\"https:\/\/www.thesurferbali.com\/de\/kontakt\/#breadcrumb\",\"itemListElement\":[{\"@type\":\"ListItem\",\"position\":1,\"name\":\"Home\",\"item\":\"https:\/\/www.thesurferbali.com\/de\/\"},{\"@type\":\"ListItem\",\"position\":2,\"name\":\"Kontakt\"}]},{\"@type\":\"WebSite\",\"@id\":\"https:\/\/www.thesurferbali.com\/de\/#website\",\"url\":\"https:\/\/www.thesurferbali.com\/de\/\",\"name\":\"The Surfer | Surf Camps Sri Lanka\",\"description\":\"Surf &amp; Yoga Weligama\",\"potentialAction\":[{\"@type\":\"SearchAction\",\"target\":{\"@type\":\"EntryPoint\",\"urlTemplate\":\"https:\/\/www.thesurferbali.com\/de\/?s={search_term_string}\"},\"query-input\":{\"@type\":\"PropertyValueSpecification\",\"valueRequired\":true,\"valueName\":\"search_term_string\"}}],\"inLanguage\":\"de\"}]}<\/script>\n<!-- \/ Yoast SEO plugin. -->","yoast_head_json":{"title":"Kontakt - The Surfer | Surf Camps Sri Lanka","robots":{"index":"index","follow":"follow","max-snippet":"max-snippet:-1","max-image-preview":"max-image-preview:large","max-video-preview":"max-video-preview:-1"},"canonical":"https:\/\/www.thesurferbali.com\/de\/kontakt\/","og_locale":"de_DE","og_type":"article","og_title":"Kontakt - The Surfer | Surf Camps Sri Lanka","og_description":"[vc_row css=&#8220;.vc_custom_1665605288022{margin-top: 150px !important;margin-right: 100px !important;margin-bottom: 50px !important;margin-left: 100px !important;}&#8220;][vc_column][vc_row_inner css=&#8220;.vc_custom_1666948017442{margin-top: 64px !important;padding-top: 0px !important;padding-right: 0px !important;padding-bottom: 0px !important;padding-left: 0px !important;}&#8220;][vc_column_inner el_class=&#8220;getintouch&#8220; width=&#8220;1\/3&#8243;][vc_column_text css=&#8220;.vc_custom_1667208386048{margin-top: 30px !important;margin-bottom: 30px !important;}&#8220;] The Surfer-Beach Camp NO 65, Wadana Watta, Pelena, Weligama Sri Lanka. 81700 [&hellip;]","og_url":"https:\/\/www.thesurferbali.com\/de\/kontakt\/","og_site_name":"The Surfer | Surf Camps Sri Lanka","article_modified_time":"2024-03-12T06:14:44+00:00","twitter_card":"summary_large_image","twitter_misc":{"Gesch\u00e4tzte Lesezeit":"2\u00a0Minuten"},"schema":{"@context":"https:\/\/schema.org","@graph":[{"@type":"WebPage","@id":"https:\/\/www.thesurferbali.com\/de\/kontakt\/","url":"https:\/\/www.thesurferbali.com\/de\/kontakt\/","name":"Kontakt - The Surfer | Surf Camps Sri Lanka","isPartOf":{"@id":"https:\/\/www.thesurferbali.com\/de\/#website"},"datePublished":"2020-01-31T12:43:07+00:00","dateModified":"2024-03-12T06:14:44+00:00","breadcrumb":{"@id":"https:\/\/www.thesurferbali.com\/de\/kontakt\/#breadcrumb"},"inLanguage":"de","potentialAction":[{"@type":"ReadAction","target":["https:\/\/www.thesurferbali.com\/de\/kontakt\/"]}]},{"@type":"BreadcrumbList","@id":"https:\/\/www.thesurferbali.com\/de\/kontakt\/#breadcrumb","itemListElement":[{"@type":"ListItem","position":1,"name":"Home","item":"https:\/\/www.thesurferbali.com\/de\/"},{"@type":"ListItem","position":2,"name":"Kontakt"}]},{"@type":"WebSite","@id":"https:\/\/www.thesurferbali.com\/de\/#website","url":"https:\/\/www.thesurferbali.com\/de\/","name":"The Surfer | Surf Camps Sri Lanka","description":"Surf &amp; Yoga Weligama","potentialAction":[{"@type":"SearchAction","target":{"@type":"EntryPoint","urlTemplate":"https:\/\/www.thesurferbali.com\/de\/?s={search_term_string}"},"query-input":{"@type":"PropertyValueSpecification","valueRequired":true,"valueName":"search_term_string"}}],"inLanguage":"de"}]}},"_links":{"self":[{"href":"https:\/\/www.thesurferbali.com\/de\/wp-json\/wp\/v2\/pages\/4760","targetHints":{"allow":["GET"]}}],"collection":[{"href":"https:\/\/www.thesurferbali.com\/de\/wp-json\/wp\/v2\/pages"}],"about":[{"href":"https:\/\/www.thesurferbali.com\/de\/wp-json\/wp\/v2\/types\/page"}],"author":[{"embeddable":true,"href":"https:\/\/www.thesurferbali.com\/de\/wp-json\/wp\/v2\/users\/1"}],"replies":[{"embeddable":true,"href":"https:\/\/www.thesurferbali.com\/de\/wp-json\/wp\/v2\/comments?post=4760"}],"version-history":[{"count":8,"href":"https:\/\/www.thesurferbali.com\/de\/wp-json\/wp\/v2\/pages\/4760\/revisions"}],"predecessor-version":[{"id":13471,"href":"https:\/\/www.thesurferbali.com\/de\/wp-json\/wp\/v2\/pages\/4760\/revisions\/13471"}],"wp:attachment":[{"href":"https:\/\/www.thesurferbali.com\/de\/wp-json\/wp\/v2\/media?parent=4760"}],"curies":[{"name":"wp","href":"https:\/\/api.w.org\/{rel}","templated":true}]}}